{"id":18,"date":"2026-01-01T12:25:27","date_gmt":"2026-01-01T12:25:27","guid":{"rendered":"https:\/\/pars.websitesunum.com.tr\/?page_id=18"},"modified":"2026-01-12T10:51:37","modified_gmt":"2026-01-12T10:51:37","slug":"about-us","status":"publish","type":"page","link":"https:\/\/parssofa.com\/en\/about-us\/","title":{"rendered":"About Us"},"content":{"rendered":"<div class=\"wpb-content-wrapper\"><div class=\"vc_row wpb_row vc_row-fluid\"><div class=\"wpb_column vc_column_container vc_col-sm-12\"><div class=\"vc_column-inner\"><div class=\"wpb_wrapper\">\n\t<div class=\"wpb_text_column wpb_content_element\" >\n\t\t<div class=\"wpb_wrapper\">\n\t\t\t<p style=\"text-align: left;\">Meeting Point of Modern Elegance and Comfort<\/p>\n<p style=\"text-align: left;\">Pars Sofa produces original sofa sets that combine modern design with comfort. Designed for those who love fine tastes and aesthetics, our products are designed to transform your homes and spaces. The original touches of European style and contemporary lines are the design line of Pars Sofa.<\/p>\n<p style=\"text-align: left;\"><strong>First Class Materials, Superior Quality<\/strong><\/p>\n<p style=\"text-align: left;\">We produce products that are not only aesthetically appealing to our customers, but also long-lasting and durable. As Pars Sofa, we produce each sofa set with high quality materials. We design products that they can enjoy for years with our workmanship and care in every detail.<\/p>\n<p style=\"text-align: left;\"><strong>Design and Innovation<\/strong><\/p>\n<p style=\"text-align: left;\">Pars Sofa is known as a centre where design and innovation merge. Our designs combine modern and contemporary lines, functionality and comfort. We produce sofa sets that provide ease of use while beautifying the living spaces of our customers. We offer products that will fill your interiors with elegance and functionality.<\/p>\n<p style=\"text-align: left;\"><strong>Customer Orientated Service<\/strong><\/p>\n<p style=\"text-align: left;\">Our customers are the most valuable asset of Pars Sofa. We pay special attention to each of our customers and take their demands into consideration. Our professional team is here to provide you with the best service and will be with you every step of the way.<\/p>\n<p style=\"text-align: left;\">As Pars Sofa, we aim to help you transform your living spaces by combining modern design and comfort. The quality and aesthetics of our products will help you make your home a more special place. Enjoy modern elegance and comfort with us!<\/p>\n<p style=\"text-align: left;\">We invite you to the world of Pars Sofa.<\/p>\n\n\t\t<\/div>\n\t<\/div>\n<\/div><\/div><\/div><\/div>\n<\/div>","protected":false},"excerpt":{"rendered":"Modern Zarafetin ve Konforun Bulu\u015fma Noktas\u0131 Pars Sofa, modern tasar\u0131m anlay\u0131\u015f\u0131n\u0131 konforla bulu\u015fturan \u00f6zg\u00fcn koltuk tak\u0131mlar\u0131 \u00fcretmektedir. \u0130nce zevkleri ve","protected":false},"author":1,"featured_media":0,"parent":0,"menu_order":0,"comment_status":"closed","ping_status":"closed","template":"","meta":{"footnotes":""},"class_list":["post-18","page","type-page","status-publish","hentry"],"_links":{"self":[{"href":"https:\/\/parssofa.com\/en\/wp-json\/wp\/v2\/pages\/18","targetHints":{"allow":["GET"]}}],"collection":[{"href":"https:\/\/parssofa.com\/en\/wp-json\/wp\/v2\/pages"}],"about":[{"href":"https:\/\/parssofa.com\/en\/wp-json\/wp\/v2\/types\/page"}],"author":[{"embeddable":true,"href":"https:\/\/parssofa.com\/en\/wp-json\/wp\/v2\/users\/1"}],"replies":[{"embeddable":true,"href":"https:\/\/parssofa.com\/en\/wp-json\/wp\/v2\/comments?post=18"}],"version-history":[{"count":5,"href":"https:\/\/parssofa.com\/en\/wp-json\/wp\/v2\/pages\/18\/revisions"}],"predecessor-version":[{"id":429,"href":"https:\/\/parssofa.com\/en\/wp-json\/wp\/v2\/pages\/18\/revisions\/429"}],"wp:attachment":[{"href":"https:\/\/parssofa.com\/en\/wp-json\/wp\/v2\/media?parent=18"}],"curies":[{"name":"wp","href":"https:\/\/api.w.org\/{rel}","templated":true}]}}