{"id":20,"date":"2026-01-01T12:25:38","date_gmt":"2026-01-01T12:25:38","guid":{"rendered":"https:\/\/pars.websitesunum.com.tr\/?page_id=20"},"modified":"2026-01-17T08:42:24","modified_gmt":"2026-01-17T08:42:24","slug":"communication","status":"publish","type":"page","link":"https:\/\/parssofa.com\/en\/communication\/","title":{"rendered":"Contact"},"content":{"rendered":"<div class=\"wpb-content-wrapper\"><div class=\"vc_row wpb_row vc_row-fluid wd-rs-6956a9b9a62f8\"><div class=\"wpb_column vc_column_container vc_col-sm-6\"><div class=\"vc_column-inner\"><div class=\"wpb_wrapper\">\n\t<div class=\"wpb_text_column wpb_content_element\" >\n\t\t<div class=\"wpb_wrapper\">\n\t\t\t<div class=\"pars-contact\">\n<div class=\"pars-title\">Address<\/div>\n<div class=\"pars-text\">Mahmudiye Mah. A\u011fa\u00e7 \u0130\u015fleri 31. Sk No:13\/1<br \/>\nInegol - Bursa<\/div>\n<\/div>\n\n\t\t<\/div>\n\t<\/div>\n<\/div><\/div><\/div><div class=\"wpb_column vc_column_container vc_col-sm-6\"><div class=\"vc_column-inner\"><div class=\"wpb_wrapper\">\n\t<div class=\"wpb_text_column wpb_content_element\" id=\"trdost\">\n\t\t<div class=\"wpb_wrapper\">\n\t\t\t<div class=\"pars-contact pars-right\">\n<div class=\"pars-title\">Contact<\/div>\n<div class=\"pars-text\">\n<div><strong>T:<\/strong> <a href=\"tel:+905307688616\">+90 530 768 86 16<\/a><\/div>\n<div><strong>M:<\/strong> <a href=\"mailto:siparis@parssofa.com\">siparis@parssofa.com<\/a><\/div>\n<\/div>\n<\/div>\n\n\t\t<\/div>\n\t<\/div>\n\n\t<div class=\"wpb_text_column wpb_content_element\" id=\"dildost\">\n\t\t<div class=\"wpb_wrapper\">\n\t\t\t<div class=\"pars-contact pars-right\">\n<div class=\"pars-title\">Contact<\/div>\n<div class=\"pars-text\">\n<div><strong>T:<\/strong> <a href=\"tel:+905464028793\">+90 546 402 87 93<\/a><\/div>\n<div><strong>M:<\/strong> <a href=\"mailto:export2@parssofa.com\">export2@parssofa.com<\/a><\/div>\n<\/div>\n<\/div>\n\n\t\t<\/div>\n\t<\/div>\n<\/div><\/div><\/div><\/div><div class=\"vc_row wpb_row vc_row-fluid\"><div class=\"wpb_column vc_column_container vc_col-sm-12\"><div class=\"vc_column-inner\"><div class=\"wpb_wrapper\">\n\t<div class=\"wpb_raw_code wpb_raw_html wpb_content_element\" >\n\t\t<div class=\"wpb_wrapper\">\n\t\t\t<iframe src=\"https:\/\/www.google.com\/maps\/embed?pb=!1m14!1m8!1m3!1d763.3060145129799!2d29.541800999999996!3d40.07041400000001!3m2!1i1024!2i768!4f13.1!3m3!1m2!1s0x14cbc99b9d890bed%3A0x31053f04bc10226!2sPars%20sofa%20koltuk!5e0!3m2!1str!2sus!4v1767287247372!5m2!1str!2sus\" width=\"100%\" height=\"450\" style=\"border:0;\" allowfullscreen=\"\" loading=\"lazy\" referrerpolicy=\"no-referrer-when-downgrade\"><\/iframe>\n\t\t<\/div>\n\t<\/div>\n<\/div><\/div><\/div><\/div>\n<\/div>","protected":false},"excerpt":{"rendered":"Adres Mahmudiye Mah. A\u011fa\u00e7 \u0130\u015fleri 31. Sk No:13\/1 \u0130neg\u00f6l \u2013 Bursa \u0130leti\u015fim T: +90 530 768 86 16 M: siparis@parssofa.com","protected":false},"author":1,"featured_media":0,"parent":0,"menu_order":0,"comment_status":"closed","ping_status":"closed","template":"","meta":{"footnotes":""},"class_list":["post-20","page","type-page","status-publish","hentry"],"_links":{"self":[{"href":"https:\/\/parssofa.com\/en\/wp-json\/wp\/v2\/pages\/20","targetHints":{"allow":["GET"]}}],"collection":[{"href":"https:\/\/parssofa.com\/en\/wp-json\/wp\/v2\/pages"}],"about":[{"href":"https:\/\/parssofa.com\/en\/wp-json\/wp\/v2\/types\/page"}],"author":[{"embeddable":true,"href":"https:\/\/parssofa.com\/en\/wp-json\/wp\/v2\/users\/1"}],"replies":[{"embeddable":true,"href":"https:\/\/parssofa.com\/en\/wp-json\/wp\/v2\/comments?post=20"}],"version-history":[{"count":7,"href":"https:\/\/parssofa.com\/en\/wp-json\/wp\/v2\/pages\/20\/revisions"}],"predecessor-version":[{"id":454,"href":"https:\/\/parssofa.com\/en\/wp-json\/wp\/v2\/pages\/20\/revisions\/454"}],"wp:attachment":[{"href":"https:\/\/parssofa.com\/en\/wp-json\/wp\/v2\/media?parent=20"}],"curies":[{"name":"wp","href":"https:\/\/api.w.org\/{rel}","templated":true}]}}