{"id":18,"date":"2026-01-01T12:25:27","date_gmt":"2026-01-01T12:25:27","guid":{"rendered":"https:\/\/pars.websitesunum.com.tr\/?page_id=18"},"modified":"2026-01-12T10:51:37","modified_gmt":"2026-01-12T10:51:37","slug":"%d0%be-%d1%81%d1%88%d0%b0","status":"publish","type":"page","link":"https:\/\/parssofa.com\/ru\/%d0%be-%d1%81%d1%88%d0%b0\/","title":{"rendered":"\u041e \u043d\u0430\u0441"},"content":{"rendered":"<div class=\"wpb-content-wrapper\"><div class=\"vc_row wpb_row vc_row-fluid\"><div class=\"wpb_column vc_column_container vc_col-sm-12\"><div class=\"vc_column-inner\"><div class=\"wpb_wrapper\">\n\t<div class=\"wpb_text_column wpb_content_element\" >\n\t\t<div class=\"wpb_wrapper\">\n\t\t\t<p style=\"text-align: left;\">\u041c\u0435\u0441\u0442\u043e \u0432\u0441\u0442\u0440\u0435\u0447\u0438 \u0441\u043e\u0432\u0440\u0435\u043c\u0435\u043d\u043d\u043e\u0439 \u044d\u043b\u0435\u0433\u0430\u043d\u0442\u043d\u043e\u0441\u0442\u0438 \u0438 \u043a\u043e\u043c\u0444\u043e\u0440\u0442\u0430<\/p>\n<p style=\"text-align: left;\">Pars Sofa, modern tasar\u0131m anlay\u0131\u015f\u0131n\u0131 konforla bulu\u015fturan \u00f6zg\u00fcn koltuk tak\u0131mlar\u0131 \u00fcretmektedir. \u0130nce zevkleri ve esteti\u011fi sevenler i\u00e7in tasarlanan \u00fcr\u00fcnlerimiz, evlerinizi ve mekanlar\u0131n\u0131z\u0131 d\u00f6n\u00fc\u015ft\u00fcrmek i\u00e7in tasarlanm\u0131\u015ft\u0131r. Avrupa tarz\u0131n\u0131n \u00f6zg\u00fcn dokunu\u015flar\u0131 ve \u00e7a\u011fda\u015f \u00e7izgiler, Pars Sofa\u2019n\u0131n tasar\u0131m \u00e7izgisidir.<\/p>\n<p style=\"text-align: left;\"><strong>Birinci S\u0131n\u0131f Malzemeler, \u00dcst\u00fcn Kalite<\/strong><\/p>\n<p style=\"text-align: left;\">M\u00fc\u015fterilerimize sadece estetik a\u00e7\u0131dan \u00e7ekici de\u011fil, ayn\u0131 zamanda uzun \u00f6m\u00fcrl\u00fc ve dayan\u0131kl\u0131 \u00fcr\u00fcnler \u00fcretiyoruz. Pars Sofa olarak, her koltuk tak\u0131m\u0131m\u0131z\u0131 y\u00fcksek kaliteli malzemelerle \u00fcretiyoruz. Her ayr\u0131nt\u0131da i\u015f\u00e7ili\u011fimiz ve \u00f6zenimiz ile y\u0131llarca keyifle kullanabilecekleri \u00fcr\u00fcnler tasarl\u0131yoruz.<\/p>\n<p style=\"text-align: left;\"><strong>Tasar\u0131m ve \u0130novasyon<\/strong><\/p>\n<p style=\"text-align: left;\">Pars Sofa, tasar\u0131m ve inovasyonun birle\u015fti\u011fi bir merkez olarak bilinir. Tasar\u0131mlar\u0131m\u0131z, modern ve \u00e7a\u011fda\u015f \u00e7izgileri, i\u015flevselli\u011fi ve konforu bir araya getirir. M\u00fc\u015fterilerimizin ya\u015fam alanlar\u0131n\u0131 g\u00fczelle\u015ftirirken ayn\u0131 zamanda kullan\u0131m kolayl\u0131\u011f\u0131 sa\u011flayan koltuk tak\u0131mlar\u0131 \u00fcretiyoruz. \u0130\u00e7 mekanlar\u0131n\u0131z\u0131 \u015f\u0131kl\u0131k ve fonksiyonellikle dolduracak \u00fcr\u00fcnler sunuyoruz.<\/p>\n<p style=\"text-align: left;\"><strong>M\u00fc\u015fteri Odakl\u0131 Hizmet<\/strong><\/p>\n<p style=\"text-align: left;\">M\u00fc\u015fterilerimiz, Pars Sofa\u2019n\u0131n en de\u011ferli varl\u0131\u011f\u0131d\u0131r. Her bir m\u00fc\u015fterimize \u00f6zel ilgi g\u00f6sterir ve taleplerini dikkate al\u0131r\u0131z. Profesyonel ekibimiz, size en iyi hizmeti sunmak i\u00e7in burada bulunuyor ve her ad\u0131mda yan\u0131n\u0131zda olacak.<\/p>\n<p style=\"text-align: left;\">Pars Sofa olarak, modern tasar\u0131m ve konforu bir araya getirerek ya\u015fam alanlar\u0131n\u0131z\u0131 d\u00f6n\u00fc\u015ft\u00fcrmenize yard\u0131mc\u0131 olmay\u0131 ama\u00e7l\u0131yoruz. \u00dcr\u00fcnlerimizdeki kalite ve estetik, evinizi daha \u00f6zel bir yer haline getirmenize yard\u0131mc\u0131 olacak. Bizimle birlikte modern zarafetin ve konforun tad\u0131n\u0131 \u00e7\u0131kar\u0131n!<\/p>\n<p style=\"text-align: left;\">Sizleri Pars Sofa\u2019n\u0131n d\u00fcnyas\u0131na davet ediyoruz.<\/p>\n\n\t\t<\/div>\n\t<\/div>\n<\/div><\/div><\/div><\/div>\n<\/div>","protected":false},"excerpt":{"rendered":"Modern Zarafetin ve Konforun Bulu\u015fma Noktas\u0131 Pars Sofa, modern tasar\u0131m anlay\u0131\u015f\u0131n\u0131 konforla bulu\u015fturan \u00f6zg\u00fcn koltuk tak\u0131mlar\u0131 \u00fcretmektedir. \u0130nce zevkleri ve","protected":false},"author":1,"featured_media":0,"parent":0,"menu_order":0,"comment_status":"closed","ping_status":"closed","template":"","meta":{"footnotes":""},"class_list":["post-18","page","type-page","status-publish","hentry"],"_links":{"self":[{"href":"https:\/\/parssofa.com\/ru\/wp-json\/wp\/v2\/pages\/18","targetHints":{"allow":["GET"]}}],"collection":[{"href":"https:\/\/parssofa.com\/ru\/wp-json\/wp\/v2\/pages"}],"about":[{"href":"https:\/\/parssofa.com\/ru\/wp-json\/wp\/v2\/types\/page"}],"author":[{"embeddable":true,"href":"https:\/\/parssofa.com\/ru\/wp-json\/wp\/v2\/users\/1"}],"replies":[{"embeddable":true,"href":"https:\/\/parssofa.com\/ru\/wp-json\/wp\/v2\/comments?post=18"}],"version-history":[{"count":5,"href":"https:\/\/parssofa.com\/ru\/wp-json\/wp\/v2\/pages\/18\/revisions"}],"predecessor-version":[{"id":429,"href":"https:\/\/parssofa.com\/ru\/wp-json\/wp\/v2\/pages\/18\/revisions\/429"}],"wp:attachment":[{"href":"https:\/\/parssofa.com\/ru\/wp-json\/wp\/v2\/media?parent=18"}],"curies":[{"name":"wp","href":"https:\/\/api.w.org\/{rel}","templated":true}]}}